{"id":65,"date":"2010-01-15T22:14:27","date_gmt":"2010-01-15T22:14:27","guid":{"rendered":"http:\/\/neu.musikverein-wustweiler.de\/?page_id=65"},"modified":"2026-04-15T21:39:50","modified_gmt":"2026-04-15T21:39:50","slug":"jugendarbeit","status":"publish","type":"page","link":"http:\/\/www.musikverein-wustweiler.de\/?page_id=65","title":{"rendered":"Kinder und Jugendarbeit"},"content":{"rendered":"<p><strong>Kontakt Jugendvertreterin \/ Anfragen Instrumentenausbildung <\/strong><\/p>\n<p><strong>(auch Blockfl\u00f6tengruppen):<\/strong><\/p>\n<p><strong>Fabienne D\u00f6rr<\/strong><\/p>\n<p><strong>20fabi01[at]web.de<\/strong><\/p>\n<p><strong>Handy: 0151-72659884<\/strong><\/p>\n<p data-start=\"0\" data-end=\"265\">Auch die Jugendarbeit hat in unserem Verein einen hohen Stellenwert. Denn ohne engagierten Nachwuchs ist ein lebendiges Vereinsleben auf Dauer nicht m\u00f6glich. Deshalb setzen wir uns kontinuierlich daf\u00fcr ein, junge Menschen zu f\u00f6rdern und f\u00fcr die Musik zu begeistern.<\/p>\n<p data-start=\"267\" data-end=\"332\"><strong data-start=\"267\" data-end=\"332\">Nachwuchsf\u00f6rderung und Jugendarbeit im Musikverein Wustweiler<\/strong><\/p>\n<p data-start=\"334\" data-end=\"561\">Unser Nachwuchs war schon immer \u2013 und ist bis heute \u2013 gemeinsam mit unseren aktiven Musikerinnen und Musikern das Herzst\u00fcck unseres Vereins. Entsprechend gro\u00df ist die Aufmerksamkeit, die wir der F\u00f6rderung unserer Jugend widmen.<\/p>\n<p data-start=\"563\" data-end=\"815\" data-is-last-node=\"\" data-is-only-node=\"\">Wir bieten eine fundierte musikalische Ausbildung f\u00fcr verschiedene Altersgruppen an: von der musikalischen Fr\u00fcherziehung \u00fcber die Blockfl\u00f6tenausbildung bis hin zum Instrumentalunterricht, beispielsweise an Querfl\u00f6te, Trompete, Saxophon oder Schlagzeug.<\/p>\n<p data-start=\"563\" data-end=\"815\" data-is-last-node=\"\" data-is-only-node=\"\">Melden Sie sich gerne bei uns!<\/p>\n\n\n<figure class=\"wp-block-image\"><img loading=\"lazy\" width=\"640\" height=\"480\" src=\"http:\/\/www.musikverein-wustweiler.de\/wp-content\/uploads\/2019\/07\/Blockfl\u00f6ten-aktuell-2.jpg\" alt=\"\" class=\"wp-image-1945\" srcset=\"http:\/\/www.musikverein-wustweiler.de\/wp-content\/uploads\/2019\/07\/Blockfl\u00f6ten-aktuell-2.jpg 640w, http:\/\/www.musikverein-wustweiler.de\/wp-content\/uploads\/2019\/07\/Blockfl\u00f6ten-aktuell-2-300x225.jpg 300w, http:\/\/www.musikverein-wustweiler.de\/wp-content\/uploads\/2019\/07\/Blockfl\u00f6ten-aktuell-2-400x300.jpg 400w\" sizes=\"(max-width: 640px) 100vw, 640px\" \/><\/figure>\n\n\n<p data-start=\"0\" data-end=\"407\">Neben dem Musizieren spielen auch gemeinsame Freizeitaktivit\u00e4ten f\u00fcr unseren Nachwuchs eine wichtige Rolle. Ob ein Besuch in der Boulderhalle, ein Ausflug in den Fun Forest AbenteuerPark, eine Besichtigung beim Saarl\u00e4ndischen Rundfunk oder eine Kanutour auf der Glan \u2013 unsere Jugendbetreuerinnen und -betreuer lassen sich immer wieder neue Ideen einfallen, um Spa\u00df, Gemeinschaft und Zusammenhalt zu f\u00f6rdern.<\/p>\n<p data-start=\"409\" data-end=\"823\" data-is-last-node=\"\" data-is-only-node=\"\">Auch k\u00fcnftig sind weitere abwechslungsreiche Aktivit\u00e4ten geplant. Solche gemeinsamen Erlebnisse st\u00e4rken nicht nur die Motivation unserer jungen Musikerinnen und Musiker, sondern bereiten sie auch auf das Zusammenspiel im Orchester vor. Denn im Mittelpunkt steht nicht die Einzelleistung, sondern der gemeinsame Klang. Genau deshalb ist eine engagierte und vielf\u00e4ltige Jugendarbeit f\u00fcr unseren Verein unverzichtbar.<\/p>\n<p><\/p>","protected":false},"excerpt":{"rendered":"<p>Kontakt Jugendvertreterin \/ Anfragen Instrumentenausbildung (auch Blockfl\u00f6tengruppen): Fabienne D\u00f6rr 20fabi01[at]web.de Handy: 0151-72659884 Auch die Jugendarbeit hat in unserem Verein einen hohen Stellenwert. Denn ohne engagierten Nachwuchs ist ein lebendiges Vereinsleben auf Dauer nicht m\u00f6glich. Deshalb setzen wir uns kontinuierlich daf\u00fcr &hellip; <a href=\"http:\/\/www.musikverein-wustweiler.de\/?page_id=65\">Weiterlesen <span class=\"meta-nav\">&rarr;<\/span><\/a><\/p>\n","protected":false},"author":1,"featured_media":0,"parent":0,"menu_order":4,"comment_status":"open","ping_status":"closed","template":"","meta":[],"_links":{"self":[{"href":"http:\/\/www.musikverein-wustweiler.de\/index.php?rest_route=\/wp\/v2\/pages\/65"}],"collection":[{"href":"http:\/\/www.musikverein-wustweiler.de\/index.php?rest_route=\/wp\/v2\/pages"}],"about":[{"href":"http:\/\/www.musikverein-wustweiler.de\/index.php?rest_route=\/wp\/v2\/types\/page"}],"author":[{"embeddable":true,"href":"http:\/\/www.musikverein-wustweiler.de\/index.php?rest_route=\/wp\/v2\/users\/1"}],"replies":[{"embeddable":true,"href":"http:\/\/www.musikverein-wustweiler.de\/index.php?rest_route=%2Fwp%2Fv2%2Fcomments&post=65"}],"version-history":[{"count":22,"href":"http:\/\/www.musikverein-wustweiler.de\/index.php?rest_route=\/wp\/v2\/pages\/65\/revisions"}],"predecessor-version":[{"id":2789,"href":"http:\/\/www.musikverein-wustweiler.de\/index.php?rest_route=\/wp\/v2\/pages\/65\/revisions\/2789"}],"wp:attachment":[{"href":"http:\/\/www.musikverein-wustweiler.de\/index.php?rest_route=%2Fwp%2Fv2%2Fmedia&parent=65"}],"curies":[{"name":"wp","href":"https:\/\/api.w.org\/{rel}","templated":true}]}}