{"id":32,"date":"2009-11-15T10:08:10","date_gmt":"2009-11-15T10:08:10","guid":{"rendered":"http:\/\/neu.musikverein-wustweiler.de\/?page_id=32"},"modified":"2026-04-15T21:25:03","modified_gmt":"2026-04-15T21:25:03","slug":"impressum","status":"publish","type":"page","link":"http:\/\/www.musikverein-wustweiler.de\/?page_id=32","title":{"rendered":"Impressum"},"content":{"rendered":"<p><strong>Kontakt:<\/strong><\/p>\n<p style=\"padding-left: 30px;\">Musikverein 1919 Wustweiler e.V.<\/p>\n<p style=\"padding-left: 30px;\">Butterbergstra\u00dfe 33, 66557 Illingen<\/p>\n<p style=\"padding-left: 30px;\">Mail: info[at]musikverein-wustweiler[.]de<\/p>\n<p style=\"padding-left: 30px;\">Tel.: +49 (0)160-4107104 \u00a0(Ansprechpartner: Kevin D\u00f6rr)<\/p>\n<p><strong>gesch\u00e4ftsf\u00fchrendes Vorstandsteam:<\/strong><\/p>\n<p>Andr\u00e9 Sieger<\/p>\n<p style=\"padding-left: 30px;\">Bruno Klein<\/p>\n<p style=\"padding-left: 30px;\">Christian Bodem<\/p>\n<p style=\"padding-left: 30px;\">Kevin D\u00f6rr<\/p>\n<p><strong>\u00a9 Copyright:<\/strong><\/p>\n<p align=\"justify\">Das Copyright des Inhaltes liegt beim Musikverein 1919 Wustweiler e.V., alle Rechte vorbehalten. Der Musikverein 1919 Wustweiler e.V. stellt in dieser Pr\u00e4sentation enthaltene Informationen zur pers\u00f6nlichen Nutzung kostenlos zur Verf\u00fcgung.<br \/>\nEine kommerzielle Nutzung der Inhalte ist nur mit ausdr\u00fccklicher Genehmigung erlaubt. Alle ver\u00f6ffentlichten Inhalte sind urheberrechtlich gesch\u00fctzt. F\u00fcr Irrt\u00fcmer, Schreibfehler oder fehlerhafte Links, sowie f\u00fcr Sch\u00e4den, die Ihnen durch die Benutzung dieser Internetangebote direkt oder indirekt entstehen k\u00f6nnen, wird keine Haftung \u00fcbernommen.<\/p>\n<p><strong>Distanzierung (Disclaimer):<\/strong><\/p>\n<p align=\"justify\">Das Landgericht Hamburg hat mit Urteil vom 12.05.1998 (Az.: 312 O 85\/98) entschieden, dass man durch die Anbringung eines Links die Inhalte der verlinkten Seite ggf. mit zu verantworten hat. Dies kann &#8211; so das Landgericht &#8211; nur dadurch verhindert werden, dass man sich ausdr\u00fccklich von diesen Inhalten distanziert:<br \/>\nAuf unserer Seite befinden sich Links zu anderen Seiten. F\u00fcr alle diese Links gilt: Wir haben keinen Einfluss auf die Gestaltung und die Inhalte der gelinkten Seiten. Wir distanzieren uns ausdr\u00fccklich von den Inhalten aller von uns gelinkten Seiten und machen uns deren Inhalte nicht zu Eigen. Diese Erkl\u00e4rung gilt f\u00fcr alle auf unserer Seite angebrachten Links.<\/p>\n","protected":false},"excerpt":{"rendered":"<p>Kontakt: Musikverein 1919 Wustweiler e.V. Butterbergstra\u00dfe 33, 66557 Illingen Mail: info[at]musikverein-wustweiler[.]de Tel.: +49 (0)160-4107104 \u00a0(Ansprechpartner: Kevin D\u00f6rr) gesch\u00e4ftsf\u00fchrendes Vorstandsteam: Andr\u00e9 Sieger Bruno Klein Christian Bodem Kevin D\u00f6rr \u00a9 Copyright: Das Copyright des Inhaltes liegt beim Musikverein 1919 Wustweiler e.V., alle &hellip; <a href=\"http:\/\/www.musikverein-wustweiler.de\/?page_id=32\">Weiterlesen <span class=\"meta-nav\">&rarr;<\/span><\/a><\/p>\n","protected":false},"author":1,"featured_media":0,"parent":0,"menu_order":11,"comment_status":"open","ping_status":"closed","template":"","meta":[],"_links":{"self":[{"href":"http:\/\/www.musikverein-wustweiler.de\/index.php?rest_route=\/wp\/v2\/pages\/32"}],"collection":[{"href":"http:\/\/www.musikverein-wustweiler.de\/index.php?rest_route=\/wp\/v2\/pages"}],"about":[{"href":"http:\/\/www.musikverein-wustweiler.de\/index.php?rest_route=\/wp\/v2\/types\/page"}],"author":[{"embeddable":true,"href":"http:\/\/www.musikverein-wustweiler.de\/index.php?rest_route=\/wp\/v2\/users\/1"}],"replies":[{"embeddable":true,"href":"http:\/\/www.musikverein-wustweiler.de\/index.php?rest_route=%2Fwp%2Fv2%2Fcomments&post=32"}],"version-history":[{"count":9,"href":"http:\/\/www.musikverein-wustweiler.de\/index.php?rest_route=\/wp\/v2\/pages\/32\/revisions"}],"predecessor-version":[{"id":2786,"href":"http:\/\/www.musikverein-wustweiler.de\/index.php?rest_route=\/wp\/v2\/pages\/32\/revisions\/2786"}],"wp:attachment":[{"href":"http:\/\/www.musikverein-wustweiler.de\/index.php?rest_route=%2Fwp%2Fv2%2Fmedia&parent=32"}],"curies":[{"name":"wp","href":"https:\/\/api.w.org\/{rel}","templated":true}]}}